{"id":590,"date":"2022-06-21T19:24:43","date_gmt":"2022-06-21T17:24:43","guid":{"rendered":"https:\/\/www.italianofullimmersion.it\/scuolaperstranieri\/?page_id=590"},"modified":"2022-07-04T21:14:40","modified_gmt":"2022-07-04T19:14:40","slug":"certificazioni-informatiche-pekit-e-eipass","status":"publish","type":"page","link":"https:\/\/www.italianofullimmersion.it\/scuolaperstranieri\/zh\/certificazioni-informatiche-pekit-e-eipass\/","title":{"rendered":"Certificazioni informatiche Pekit e Eipass"},"content":{"rendered":"<p><strong>P.E.K.I.T. Project \u00e8 una certificazione che attesta la conoscenza informatica in ambito ICT.<\/strong> Tale certificazione \u00e8<img loading=\"lazy\" decoding=\"async\" class=\"alignright wp-image-492\" src=\"https:\/\/www.italianofullimmersion.it\/scuolaperstranieri\/wp-content\/uploads\/2022\/06\/pekit.jpg\" alt=\"certificazione pekit italiano full immersion scuola formazione corsi firenze\" width=\"202\" height=\"200\" srcset=\"https:\/\/www.italianofullimmersion.it\/scuolaperstranieri\/wp-content\/uploads\/2022\/06\/pekit.jpg 500w, https:\/\/www.italianofullimmersion.it\/scuolaperstranieri\/wp-content\/uploads\/2022\/06\/pekit-300x297.jpg 300w, https:\/\/www.italianofullimmersion.it\/scuolaperstranieri\/wp-content\/uploads\/2022\/06\/pekit-150x150.jpg 150w\" sizes=\"auto, (max-width: 202px) 100vw, 202px\" \/> riconosciuta dal MIUR ed \u00e8 permanente, quindi non necessita di alcun corso o esame di aggiornamento.<br \/>\nPEKIT \u00e8 valida per il riconoscimento di crediti formativi per i concorsi pubblici e in tutti quegli ambiti lavorativi che richiedono competenze informatiche specifiche e certificate.<br \/>\n<em><strong>Il corso si suddivide in vari macro-argomenti; la certificazione PEKIT Expert consiste poi in quattro esami specifici per quattro aree di competenza. La certificazione PEKIT Advanced vede, in aggiunta ai quattro esami Expert, uno o pi\u00f9 esami a scelta tra ulteriori aree tematiche.<\/strong><\/em><\/p>\n<p><strong>Il significato dell&#8217;acronimo EIPASS \u00e8\u00a0European Informatics Passport, ovvero Passaporto Europeo di<img loading=\"lazy\" decoding=\"async\" class=\"alignright wp-image-497 size-full\" src=\"https:\/\/www.italianofullimmersion.it\/scuolaperstranieri\/wp-content\/uploads\/2022\/06\/download-1.png\" alt=\"eipass certificazione informatica italiano full immersion firenze\" width=\"281\" height=\"180\" \/> Informatica, e si tratta di una certificazione informatica che attesta le competenze digitali.<\/strong> La certificazione EIPASS \u00e8 un requisito molto utile per l&#8217;inserimento nel mondo del lavoro, poich\u00e9 permette di\u00a0acquisire competenze nell&#8217;ambito delle ICT. Una certificazione EIPASS serve in ambito scolastico e universitario dove, ai sensi del\u00a0D.M. 26\/06\/08 n\u00b059 del MIUR, conferisce\u00a0punteggio\u00a0valutabile per i concorsi pubblici e per l&#8217;inserimento in graduatoria.<\/p>\n<p>I percorsi di certificazione del EIPASS sono riconosciuti anche da alcuni ordini professionali che li considerano validi per il conseguimento di\u00a0Crediti Formativi Professionali\u00a0o CFP ai sensi dell&#8217;obbligo di formazione continua stabilito dal\u00a0D.P.R. 7 agosto 2012, n. 137. Per conseguire una certificazione\u00a0sar\u00e0 necessario sostenere l\u2019esame EIPASS 7 Moduli Standard. Una volta conseguita la validit\u00e0 di\u00a0EIPASS dura 3 anni, al termine dei quali la certificazione deve essere aggiornata.<\/p>\n<p><strong>EiPass<\/strong><br \/>\n<strong>Pekit<\/strong><\/p>\n","protected":false},"excerpt":{"rendered":"<p>P.E.K.I.T. Project \u00e8 una certificazione che attesta la conoscenza informatica in ambito ICT. Tale certificazione \u00e8 riconosciuta dal MIUR ed \u00e8 permanente, quindi non necessita di alcun corso o esame di aggiornamento. PEKIT \u00e8 valida per il riconoscimento di crediti formativi per i concorsi pubblici e in tutti quegli ambiti lavorativi che richiedono competenze informatiche&hellip;<\/p>\n","protected":false},"author":1,"featured_media":593,"parent":0,"menu_order":0,"comment_status":"closed","ping_status":"closed","template":"","meta":{"footnotes":""},"class_list":["post-590","page","type-page","status-publish","has-post-thumbnail","hentry"],"translation":{"provider":"WPGlobus","version":"3.0.0","language":"zh","enabled_languages":["it","zh","en"],"languages":{"it":{"title":true,"content":true,"excerpt":false},"zh":{"title":false,"content":false,"excerpt":false},"en":{"title":false,"content":true,"excerpt":false}}},"_links":{"self":[{"href":"https:\/\/www.italianofullimmersion.it\/scuolaperstranieri\/zh\/wp-json\/wp\/v2\/pages\/590","targetHints":{"allow":["GET"]}}],"collection":[{"href":"https:\/\/www.italianofullimmersion.it\/scuolaperstranieri\/zh\/wp-json\/wp\/v2\/pages"}],"about":[{"href":"https:\/\/www.italianofullimmersion.it\/scuolaperstranieri\/zh\/wp-json\/wp\/v2\/types\/page"}],"author":[{"embeddable":true,"href":"https:\/\/www.italianofullimmersion.it\/scuolaperstranieri\/zh\/wp-json\/wp\/v2\/users\/1"}],"replies":[{"embeddable":true,"href":"https:\/\/www.italianofullimmersion.it\/scuolaperstranieri\/zh\/wp-json\/wp\/v2\/comments?post=590"}],"version-history":[{"count":4,"href":"https:\/\/www.italianofullimmersion.it\/scuolaperstranieri\/zh\/wp-json\/wp\/v2\/pages\/590\/revisions"}],"predecessor-version":[{"id":666,"href":"https:\/\/www.italianofullimmersion.it\/scuolaperstranieri\/zh\/wp-json\/wp\/v2\/pages\/590\/revisions\/666"}],"wp:featuredmedia":[{"embeddable":true,"href":"https:\/\/www.italianofullimmersion.it\/scuolaperstranieri\/zh\/wp-json\/wp\/v2\/media\/593"}],"wp:attachment":[{"href":"https:\/\/www.italianofullimmersion.it\/scuolaperstranieri\/zh\/wp-json\/wp\/v2\/media?parent=590"}],"curies":[{"name":"wp","href":"https:\/\/api.w.org\/{rel}","templated":true}]}}